{"id":178,"date":"2023-09-07T14:46:34","date_gmt":"2023-09-07T14:46:34","guid":{"rendered":"https:\/\/www.htpartnersbroker.com\/?page_id=178"},"modified":"2025-04-04T16:11:48","modified_gmt":"2025-04-04T16:11:48","slug":"kvkk-aydinlatma-metni","status":"publish","type":"page","link":"https:\/\/www.htpartnersbroker.com\/ar\/kvkk-%d8%aa%d9%88%d8%b6%d9%8a%d8%ad-%d8%a7%d9%84%d9%86%d8%b5\/","title":{"rendered":"\u0646\u0635 \u0645\u0639\u0644\u0648\u0645\u0627\u062a KVKK"},"content":{"rendered":"<p>HT Partners Sigorta ve Reas\u00fcrans Brokerli\u011fi A.\u015e. olarak ki\u015fisel bilgilerinizin korunmas\u0131n\u0131 sa\u011flayaca\u011f\u0131m\u0131z\u0131 taahh\u00fct ediyoruz. 6698 say\u0131l\u0131 Ki\u015fisel Verilerin Korunmas\u0131 Kanunu kapsam\u0131ndaki y\u00fck\u00fcml\u00fcl\u00fcklerimiz ile \u015feffafl\u0131k ve hesap verebilirlik ilkelerinin gere\u011fi olarak size bu bilgilendirmeyi yap\u0131yoruz. Bu metin arac\u0131l\u0131\u011f\u0131yla ki\u015fisel bilgilerinizin nas\u0131l kullan\u0131ld\u0131\u011f\u0131na ve bu konudaki haklar\u0131n\u0131za ili\u015fkin detayl\u0131 bilgilere ula\u015fabilirsiniz. Ayr\u0131ca ki\u015fisel verilerin korunmas\u0131na ili\u015fkin fark\u0131ndal\u0131\u011f\u0131n ve \u015feffafl\u0131\u011f\u0131n sa\u011flanmas\u0131 ad\u0131na \u201cHT Partners Sigorta ve Reas\u00fcrans Brokerli\u011fi A.\u015e. Ki\u015fisel Verilerin Korunmas\u0131 ve \u0130\u015flenmesi Politikas\u0131\u201dn\u0131 da sizlerin payla\u015f\u0131m\u0131na sunuyoruz. Bu do\u011frultuda kurumsal anlay\u0131\u015f\u0131m\u0131z\u0131n ve taahh\u00fctlerimizin gere\u011fi olarak, ki\u015fisel bilgilerinizi a\u015fa\u011f\u0131da detayl\u0131 olarak a\u00e7\u0131klad\u0131\u011f\u0131m\u0131z \u00e7er\u00e7evede kullanmak i\u00e7in gerekli \u00f6zeni g\u00f6sterece\u011fimizi belirtmek isteriz.<\/p>\n\n\n\n<p>Yasal d\u00fczenlemeler veya \u015firket politikalar\u0131ndaki de\u011fi\u015fikliklerin sonucu olarak belli aral\u0131klarla Ayd\u0131nlatma Metninde g\u00fcncelleme yap\u0131lmas\u0131 s\u00f6z konusu olabilir. Metnin en g\u00fcncel haline ula\u015fmak i\u00e7in d\u00fczenli aral\u0131klarla sayfam\u0131z\u0131 ziyaret edebilirsiniz.<\/p>\n\n\n\n<p>Ki\u015fisel Veri Nedir?<\/p>\n\n\n\n<p>Ki\u015fisel veri \u201ckimli\u011fi belirli veya belirlenebilir ger\u00e7ek ki\u015fiye ili\u015fkin her t\u00fcrl\u00fc bilgi\u201dyi ifade etmektedir. Sigortac\u0131l\u0131k i\u015flemlerine ili\u015fkin faaliyetlerde ki\u015fisel veri niteli\u011findeki bilgilerinizin i\u015flenmesi s\u00f6z konusu olabilmektedir. \u00d6rne\u011fin poli\u00e7e i\u015flemleri kapsam\u0131nda i\u015flenen ad, soyad, kimlik numaras\u0131, kredi kart\u0131 bilgisi, banka hesap bilgileri, poli\u00e7e numaras\u0131, hasar dosya numaras\u0131, m\u00fc\u015fteri i\u015flem bilgileri, internet sitesi ve mobil uygulama i\u015flem kay\u0131tlar\u0131, motorlu ta\u015f\u0131t plakas\u0131, sa\u011fl\u0131k bilgileri,; ileti\u015fim ve izinli pazarlama faaliyetleri i\u00e7in kaydedilen ileti\u015fim bilgileri; \u00e7a\u011fr\u0131 merkezi s\u00fcre\u00e7lerinde al\u0131nan ses kayd\u0131, pazarlama faaliyetleri kapsam\u0131nda i\u015flenen segmentasyon ve profilleme gibi bilgiler ki\u015fisel veri olarak nitelendirilmektedir. \u0130\u015flenen ki\u015fisel verileriniz yararlanmakta oldu\u011funuz poli\u00e7eye konu \u00fcr\u00fcn ve hizmetler \u00f6zelinde de\u011fi\u015fiklik g\u00f6sterebilmektedir. Faaliyetlerimiz kapsam\u0131nda i\u015flenen ki\u015fisel verilere ayr\u0131nt\u0131l\u0131 olarak yer veren ki\u015fisel veri i\u015fleme envanterimiz bulunmaktad\u0131r.<\/p>\n\n\n\n<p>Ki\u015fisel Sa\u011fl\u0131k Verisi Nedir?<\/p>\n\n\n\n<p>Ki\u015fisel sa\u011fl\u0131k verisi, kimli\u011fi belirli veya belirlenebilir ger\u00e7ek ki\u015finin fiziksel ve ruhsal sa\u011fl\u0131\u011f\u0131na ili\u015fkin her t\u00fcrl\u00fc bilgi ile ki\u015fiye sunulan sa\u011fl\u0131k hizmeti ile ilgili bilgiler olarak tan\u0131mlanmaktad\u0131r. Ki\u015filerin ge\u00e7irdi\u011fi hastal\u0131klar, kulland\u0131\u011f\u0131 ila\u00e7lar, t\u0131bbi raporlar, tahlil sonu\u00e7lar\u0131 gibi bilgiler ki\u015fisel sa\u011fl\u0131k verisi kabul edilmektedir.<\/p>\n\n\n\n<p>Veri Sorumlusu Kimdir?<\/p>\n\n\n\n<p>Veri sorumlusu, ki\u015fisel verilerin i\u015fleme ama\u00e7lar\u0131n\u0131 ve vas\u0131talar\u0131n\u0131 belirleyen, veri kay\u0131t sisteminin kurulmas\u0131ndan ve y\u00f6netilmesinden sorumlu olan ger\u00e7ek veya t\u00fczel ki\u015fiyi ifade eder. HT Partners Sigorta ve Reas\u00fcrans Brokerli\u011fi A.\u015e, ger\u00e7ekle\u015ftirdi\u011fi sigortac\u0131l\u0131k faaliyetleri kapsam\u0131nda ki\u015fisel verilerinizin i\u015flenmesi konusunda \u201cveri sorumlusu\u201d s\u0131fat\u0131na sahiptir. Bu do\u011frultuda ki\u015fisel bilgilerinizin yasal y\u00fck\u00fcml\u00fcl\u00fcklere uygun olarak kullan\u0131lmas\u0131 ve korunmas\u0131 konusunda sorumlulu\u011fumuz bulunmaktad\u0131r. Ancak yararlanmakta oldu\u011funuz \u00fcr\u00fcne ba\u011fl\u0131 olarak, \u00f6rne\u011fin sa\u011fl\u0131k sigortal\u0131s\u0131 olarak bir sa\u011fl\u0131k kurulu\u015funa tedavi olmaya gitti\u011finizde, i\u015flenen ki\u015fisel verilerinize ili\u015fkin olarak HT Partners Sigorta ve Reas\u00fcrans Brokerli\u011fi A.\u015e\u2019n\u0131n yan\u0131nda s\u00f6z konusu sa\u011fl\u0131k kurulu\u015fu da veri sorumlusu s\u0131fat\u0131yla hareket edebilmektedir.<\/p>\n\n\n\n<p>Ki\u015fisel Veri \u0130\u015fleme Prensiplerimiz Nelerdir?<\/p>\n\n\n\n<p>Ki\u015fisel verilerinizi Kanun\u2019da ifade edilen ilkeler \u00e7er\u00e7evesinde a\u015fa\u011f\u0131da belirtilen prensiplerimiz do\u011frultusunda i\u015fliyoruz:<\/p>\n\n\n\n<p>Ki\u015fisel veriler hukuka ve d\u00fcr\u00fcstl\u00fck kurallar\u0131na uygun olarak i\u015flenmektedir.<\/p>\n\n\n\n<p>Ki\u015fisel verilerin do\u011fru ve g\u00fcncel olarak kullan\u0131lmas\u0131 sa\u011flanmaktad\u0131r.<\/p>\n\n\n\n<p>Ki\u015fisel veriler \u015feffafl\u0131k prensibi do\u011frultusunda belirli, a\u00e7\u0131k ve me\u015fru ama\u00e7lar i\u00e7in i\u015flenmektedir.<\/p>\n\n\n\n<p>Ki\u015fisel veriler veri minimizasyonu ilkesine uygun olarak i\u015fleme amac\u0131yla ba\u011flant\u0131l\u0131, s\u0131n\u0131rl\u0131 ve \u00f6l\u00e7\u00fcl\u00fc olarak i\u015flenmektedir.<\/p>\n\n\n\n<p>Ki\u015fisel veriler ilgili yasal y\u00fck\u00fcml\u00fcl\u00fckler g\u00f6z \u00f6n\u00fcnde bulundurularak s\u00f6z konusu verinin i\u015fleme amac\u0131 i\u00e7in gerekli olan s\u00fcre kadar muhafaza edilmektedir. Belirlenen s\u00fcrenin dolmas\u0131n\u0131n ard\u0131ndan imha edilmektedir.<\/p>\n\n\n\n<p>Ki\u015fisel verilerin Kanuna uygun \u015fekilde yaln\u0131zca yetkili ki\u015filer taraf\u0131ndan i\u015flenmesi i\u00e7in gerekli idari ve teknik tedbirler al\u0131nmaktad\u0131r.<\/p>\n\n\n\n<p>Ki\u015fisel veriler gerekli hukuki ve teknik gereklilikler sa\u011flanarak aktar\u0131lmaktad\u0131r.<\/p>\n\n\n\n<p>Ki\u015fisel Verilerinizi Nas\u0131l Topluyoruz?<\/p>\n\n\n\n<p>Ki\u015fisel verilerinize temel olarak iki \u015fekilde ula\u015f\u0131yoruz.<\/p>\n\n\n\n<p>\u0130lk olarak a\u015fa\u011f\u0131da belirtilen kanallar arac\u0131l\u0131\u011f\u0131yla do\u011frudan sizden bilgi topluyoruz:<\/p>\n\n\n\n<p>Teklif, poli\u00e7e ve hasar i\u015flemleri a\u015famas\u0131nda yaz\u0131l\u0131\/s\u00f6zl\u00fc olarak sa\u011flad\u0131\u011f\u0131n\u0131z bilgiler,<\/p>\n\n\n\n<p>Ba\u015fvuru formlar\u0131,<\/p>\n\n\n\n<p>\u00c7a\u011fr\u0131 merkezimiz \u00fczerinden ger\u00e7ekle\u015ftirilen telefon g\u00f6r\u00fc\u015fmeleri,<\/p>\n\n\n\n<p>Kay\u0131t, \u015fikayet, \u00f6neri ve talep formlar\u0131,<\/p>\n\n\n\n<p>\u0130nternet sitesi ve mobil uygulamalar,,<\/p>\n\n\n\n<p>\u015eirketimiz b\u00fcnyesindeki kamera kay\u0131tlar\u0131,<\/p>\n\n\n\n<p>\u00c7evrimi\u00e7i veya \u00e7evrimd\u0131\u015f\u0131 yollarla verdi\u011finiz bilgiler.<\/p>\n\n\n\n<p>\u0130kinci olarak yaln\u0131zca belirli ama\u00e7lar \u00e7er\u00e7evesinde, a\u015fa\u011f\u0131da belirtilen kanallar arac\u0131l\u0131\u011f\u0131yla da bilgi topluyoruz.<\/p>\n\n\n\n<p>Kanuni temsilci, i\u015fveren veya sizin ad\u0131n\u0131za poli\u00e7e d\u00fczenleme yetkisine sahip ki\u015fi\/ki\u015filer,<\/p>\n\n\n\n<p>Fiyat kar\u015f\u0131la\u015ft\u0131rma platformlar\u0131 ile 3. taraf hizmet sunan firmalar,<\/p>\n\n\n\n<p>Sigorta \u015firketleri, yetkili acenteler ve brokerlar,<\/p>\n\n\n\n<p>Sa\u011fl\u0131k kurulu\u015flar\u0131,<\/p>\n\n\n\n<p>Yetkili kamu kurum ve kurulu\u015flar\u0131,<\/p>\n\n\n\n<p>Ki\u015fisel verilerinizi i\u015flemin niteli\u011fine g\u00f6re yukar\u0131da belirtti\u011fimiz kanallar arac\u0131l\u0131\u011f\u0131yla, elektronik ortamda otomatik veya s\u00f6zl\u00fc\/yaz\u0131l\u0131 \u015fekilde otomatik olmayan yollar ile toplamaktay\u0131z.<\/p>\n\n\n\n<p>Ki\u015fisel Verilerinizi Hangi Ama\u00e7larla \u0130\u015fliyoruz?<\/p>\n\n\n\n<p>\u00dcr\u00fcn ve hizmetlerimizin sizlerin ihtiya\u00e7lar\u0131na ve hukuki gerekliliklere uygun olarak sunulmas\u0131 i\u00e7in ki\u015fisel verilerinizi a\u015fa\u011f\u0131daki ama\u00e7larla i\u015fliyoruz:<\/p>\n\n\n\n<p>a) Poli\u00e7e teklifinin olu\u015fturulmas\u0131, poli\u00e7eden kaynaklanan haklar\u0131n kullan\u0131lmas\u0131 ve y\u00fck\u00fcml\u00fcl\u00fcklerin yerine getirilmesi, ge\u00e7i\u015f i\u015flemlerinin y\u00fcr\u00fct\u00fclmesi, risk de\u011ferlendirmesi yap\u0131lmas\u0131, poli\u00e7e iptal ve yenileme i\u015flemlerinin ger\u00e7ekle\u015ftirilmesi, hasar ve r\u00fccu s\u00fcre\u00e7lerinin i\u015fletilmesi, poli\u00e7e ile ba\u011flant\u0131l\u0131 hizmet ve \u00fcr\u00fcnlerin sunulmas\u0131, prim tahsilat\u0131na ili\u015fkin hizmetlerin yerine getirilmesi, reas\u00fcrans ve koas\u00fcrans i\u015flemlerinin y\u00fcr\u00fct\u00fclmesi, m\u00fc\u015fteri talep ve \u015fikayetlerinin de\u011ferlendirilmesi,<\/p>\n\n\n\n<p>b) Yetkili kurum ve kurulu\u015flara gerekli bilgilerin sunulmas\u0131, risk de\u011ferlendirmesi yap\u0131lmas\u0131, tazminat s\u00fcre\u00e7lerinin y\u00fcr\u00fct\u00fclmesi, hasar ve r\u00fccu s\u00fcre\u00e7lerinin i\u015fletilmesi, \u00e7e\u015fitli yasal d\u00fczenlemelerden kaynakl\u0131 hak ve y\u00fck\u00fcml\u00fcl\u00fcklerin yerine getirilmesi, hukuki i\u015f ve i\u015flemlerin y\u00fcr\u00fct\u00fclmesi ve takibi, ilgili ki\u015filerin taleplerinin kar\u015f\u0131lanmas\u0131,<\/p>\n\n\n\n<p>c) \u00dcr\u00fcn ve hizmetlerin geli\u015ftirilmesi ve m\u00fc\u015fterilere en uygun \u015fekilde sunulmas\u0131 i\u00e7in ara\u015ft\u0131rma ve analizlerin yap\u0131lmas\u0131, segmentasyon faaliyetlerinin yap\u0131lmas\u0131, yapay zeka sistemlerinin e\u011fitilmesi ve geli\u015ftirilmesi, faaliyetlerin \u015eirketimiz prosed\u00fcrleri ve ilgili mevzuata uygun olarak y\u00fcr\u00fct\u00fclmesinin sa\u011flanmas\u0131 i\u00e7in gerekli denetim faaliyetlerinin planlanmas\u0131 ve icras\u0131, suistimal uygulamalar\u0131na y\u00f6nelik kay\u0131tlar\u0131n tutulmas\u0131, hizmet binalar\u0131m\u0131za giri\u015f kayd\u0131n\u0131n olu\u015fturulmas\u0131 ve g\u00fcvenli\u011finin sa\u011flanmas\u0131,<\/p>\n\n\n\n<p>d) Pazarlama, tan\u0131t\u0131m ve kampanya ve m\u00fc\u015fteri ba\u011fl\u0131l\u0131\u011f\u0131 faaliyetleri kapsam\u0131ndaki s\u00fcre\u00e7lerin y\u00fcr\u00fct\u00fclmesi, Poli\u00e7e t\u00fcr\u00fcne ve hizmetin niteli\u011fine ba\u011fl\u0131 olarak \u00f6zel nitelikli ki\u015fisel verilerinizi ise a\u015fa\u011f\u0131daki ama\u00e7lar kapsam\u0131nda i\u015fliyoruz:<\/p>\n\n\n\n<p>e) Teklif, poli\u00e7e ve reas\u00fcrans s\u00fcre\u00e7leri dahil risk de\u011ferlendirmesi yap\u0131labilmesi ve tazminat ba\u015fvurular\u0131n\u0131n sonu\u00e7land\u0131r\u0131labilmesi, hasar ve r\u00fccu s\u00fcre\u00e7lerinin i\u015fletilmesi, ge\u00e7i\u015f i\u015flemlerinin y\u00fcr\u00fct\u00fclmesi, destek hizmetlerinin al\u0131nmas\u0131, sigortal\u0131 beyan\u0131n\u0131n do\u011frulanmas\u0131, mevzuattan kaynaklanan haklar\u0131n kullan\u0131lmas\u0131 ve y\u00fck\u00fcml\u00fcl\u00fcklerin yerine getirilmesi, yetkili kurum ve kurulu\u015flar ile mevzuatta belirlenen yetkileri \u00e7er\u00e7evesinde bilgi payla\u015f\u0131m\u0131 yap\u0131lmas\u0131, hukuki i\u015f ve i\u015flemlerin y\u00fcr\u00fct\u00fclmesi ve takibi<\/p>\n\n\n\n<p>f) Risk de\u011ferlendirmesi amac\u0131yla ge\u00e7mi\u015f sa\u011fl\u0131k bilgilerinin talep edilmesi<\/p>\n\n\n\n<p><strong>Ki\u015fisel Verilerinizi Hangi Ama\u00e7larla Aktar\u0131yoruz?<\/strong><\/p>\n\n\n\n<p>Ki\u015fisel verilerinizi ticari hayat\u0131n gereklilikleri kapsam\u0131nda, sizlere en uygun hizmeti sunabilmek i\u00e7in gerekti\u011fi durumlarda a\u015fa\u011f\u0131da say\u0131lan ama\u00e7larla s\u0131n\u0131rl\u0131 olarak payla\u015fabiliyoruz:<\/p>\n\n\n\n<ul>\n<li>Sigortac\u0131l\u0131kta risk de\u011ferlendirmesi yap\u0131lmas\u0131,<\/li>\n\n\n\n<li>Sigorta s\u00f6zle\u015fmesinden kaynaklanan haklar\u0131n kullan\u0131lmas\u0131 ve y\u00fck\u00fcml\u00fcl\u00fcklerin yerine getirilmesi,<\/li>\n\n\n\n<li>Hasar ve r\u00fccu s\u00fcre\u00e7lerinin i\u015fletilmesi,<\/li>\n\n\n\n<li>Destek hizmetlerinin al\u0131nmas\u0131,<\/li>\n\n\n\n<li>Reas\u00fcrans ve koas\u00fcrans i\u015flemlerinin ger\u00e7ekle\u015ftirilmesi,<\/li>\n\n\n\n<li>Ticari ileti g\u00f6nderimi ve m\u00fc\u015fteri memnuniyet ara\u015ft\u0131rmalar\u0131 i\u00e7in destek hizmet al\u0131nmas\u0131,<\/li>\n\n\n\n<li>Pazarlama ve kampanya faaliyetleri kapsam\u0131ndaki s\u00fcre\u00e7lerin y\u00fcr\u00fct\u00fclmesi,<\/li>\n\n\n\n<li>Sat\u0131\u015f sonras\u0131 hizmetlerin ger\u00e7ekle\u015ftirilmesi,<\/li>\n\n\n\n<li>Hukuki i\u015f ve i\u015flemlerin y\u00fcr\u00fct\u00fclmesi ve takibi,<\/li>\n\n\n\n<li>Mevzuat kapsam\u0131ndaki y\u00fck\u00fcml\u00fcl\u00fcklerin yerine getirilmesi i\u00e7in gerekli do\u011frulama ve\/veya denetim faaliyetlerinin ger\u00e7ekle\u015ftirilmesi,<\/li>\n\n\n\n<li><strong>Ki\u015fisel Verilerinizi Kimlere Aktar\u0131yoruz?<\/strong><\/li>\n\n\n\n<li>Ki\u015fisel verileriniz; yukar\u0131da say\u0131lan ama\u00e7lar do\u011frultusunda faaliyetin niteli\u011fiyle ba\u011flant\u0131l\u0131 olarak yetkili acenteler\/brokerler, reas\u00fcr\u00f6rler, eksperler, asistans \u015firketleri, provizyon hizmet kurulu\u015flar\u0131, akt\u00fcerler, destek hizmet sa\u011flay\u0131c\u0131lar\u0131, di\u011fer sigorta \u015firketleri, sa\u011fl\u0131k kurulu\u015flar\u0131, Sigorta Bilgi ve G\u00f6zetim Merkezi, Sigortac\u0131l\u0131k Kanunu ve di\u011fer mevzuat h\u00fck\u00fcmleri \u00e7er\u00e7evesinde kanuni temsilciler, bankalar\/finansman \u015firketleri, servisler, ve anla\u015fmal\u0131 kurumlar, yol yard\u0131m hizmeti veren kurulu\u015flar, tahsil alacak \u015firketleri, vekalet ili\u015fkisi i\u00e7erisinde oldu\u011fumuz ger\u00e7ek ve t\u00fczel ki\u015filer, hukuki, finansal, vergisel ve operasyonel konularda dan\u0131\u015fmanl\u0131k al\u0131nan ki\u015fi ve kurulu\u015flar, denetim kurulu\u015flar\u0131, rehberlik hizmeti sunan kurulu\u015flar, hizmet al\u0131nan tedarik\u00e7iler, g\u00fcvence hesab\u0131, uyu\u015fmazl\u0131k mercileri ve yetkili kamu kurum ve kurulu\u015flar\u0131na aktar\u0131labilmektedir.<\/li>\n\n\n\n<li><strong>Ki\u015fisel Verilerinizi Amac\u0131 D\u0131\u015f\u0131nda Kullan\u0131yor Muyuz?<\/strong><\/li>\n\n\n\n<li>Ki\u015fisel verilerinizin yaln\u0131zca sunulan hizmetin gerektirdi\u011fi kapsamda \u00e7ok s\u0131n\u0131rl\u0131 ama\u00e7lar \u00e7er\u00e7evesinde i\u015flenmesi gerekti\u011finin bilincindeyiz. Bu sebeple ki\u015fisel bilgilerinizi yasal y\u00fck\u00fcml\u00fcl\u00fcklere ayk\u0131r\u0131 \u015fekilde menfaat temin etmek amac\u0131yla asla kullanm\u0131yoruz. \u015eirketimiz b\u00fcnyesinde verilerinize yetkisiz ki\u015filer taraf\u0131ndan eri\u015filmesini engelleyecek gerekli teknik ve idari \u00f6nlemleri al\u0131yoruz.<\/li>\n\n\n\n<li><strong>Ki\u015fisel Verilerinizi Amac\u0131 D\u0131\u015f\u0131nda Kullan\u0131yor Muyuz?<\/strong><\/li>\n<\/ul>\n\n\n\n<p><strong>Ki\u015fisel Verilerinizi Korumak \u0130\u00e7in Neler Yap\u0131yoruz?<\/strong><\/p>\n\n\n\n<p>Ki\u015fisel verilerinizin yasal gerekliliklere uygun \u015fekilde korunmas\u0131na ve gizlili\u011fin sa\u011flanmas\u0131na \u00f6nem veriyoruz. Bu do\u011frultuda a\u015fa\u011f\u0131dakilerle s\u0131n\u0131rl\u0131 olmamak \u00fczere gerekli idari ve teknik tedbirleri al\u0131yoruz.<\/p>\n\n\n\n<ul>\n<li>Ki\u015fisel verilerin korunmas\u0131 kurumsal bir \u015firket politikas\u0131 haline getirilmi\u015ftir. Veri i\u015fleme faaliyetlerinin farkl\u0131 a\u015famalar\u0131na ili\u015fkin ayr\u0131ca kurumsal politikam\u0131zla ba\u011flant\u0131l\u0131 prosed\u00fcrler haz\u0131rlanm\u0131\u015ft\u0131r.<\/li>\n\n\n\n<li>\u00c7al\u0131\u015fanlar i\u00e7in ki\u015fisel verilerin korunmas\u0131na y\u00f6nelik e\u011fitim ve fark\u0131ndal\u0131k \u00e7al\u0131\u015fmalar\u0131 yap\u0131lmaktad\u0131r.<\/li>\n\n\n\n<li>Ki\u015fisel verilerin payla\u015f\u0131ld\u0131\u011f\u0131 ki\u015fi ve kurulu\u015flarla veri g\u00fcvenli\u011fini sa\u011flamaya y\u00f6nelik \u00f6zel protokoller imzalanmaktad\u0131r.<\/li>\n\n\n\n<li>Ticari gereklilikler ile ki\u015fisel verilerin korunmas\u0131 aras\u0131ndaki dengenin varl\u0131\u011f\u0131 s\u00fcrekli g\u00f6zetilmektedir. Bu do\u011frultuda ki\u015fisel verilerin korunmas\u0131na y\u00f6nelik s\u00fcre\u00e7 bazl\u0131 risk de\u011ferlendirmeleri yap\u0131lmaktad\u0131r.<\/li>\n\n\n\n<li>\u015eirket b\u00fcnyesinde ki\u015fisel verilere eri\u015fim, yaln\u0131zca yetkili birim ve \u00e7al\u0131\u015fanlarla s\u0131n\u0131rland\u0131r\u0131lm\u0131\u015ft\u0131r.<\/li>\n\n\n\n<li>\u015eirket i\u00e7erisinde a\u011f g\u00fcvenli\u011fi ve uygulama g\u00fcvenli\u011fi sa\u011flanmakta ve s\u0131zma testi, sald\u0131r\u0131 tespit ile \u00f6nleme sistemleri, g\u00fcvenlik duvarlar\u0131, g\u00fcncel anti-vir\u00fcs sistemleri kullan\u0131lmaktad\u0131r.<\/li>\n\n\n\n<li>\u015eirket b\u00fcnyesinde veri kayb\u0131\/veri s\u0131z\u0131nt\u0131s\u0131 \u00f6nleme yaz\u0131l\u0131mlar\u0131 kullan\u0131lmaktad\u0131r.<\/li>\n\n\n\n<li>Saklama s\u00fcresi biten ki\u015fisel verilerin silinmesi, yok edilmesi veya anonim hale getirilmesi sa\u011flanmaktad\u0131r.<\/li>\n\n\n\n<li><strong>Ziyaret\u00e7ilerimizin Ki\u015fisel Verilerini \u0130\u015fliyor Muyuz?<\/strong><\/li>\n<\/ul>\n\n\n\n<p><strong>Ki\u015fisel Verilerinizle \u0130lgili Kanuni Haklar\u0131n\u0131z Nelerdir?<\/strong><\/p>\n\n\n\n<p>Ki\u015fisel verilerinizin i\u015flenmesiyle ilgili olarak bilgi edinebilir veya bizden \u00e7e\u015fitli taleplerde bulunabilirsiniz. \u00d6rne\u011fin ki\u015fisel verilerinizin i\u015flenme s\u00fcre\u00e7leriyle daha detayl\u0131 sorular sorabilir, ki\u015fisel bilgilerinizin g\u00fcncellenmesini sa\u011flayabilir veya bilgilerinizin silinmesini talep edebilirsiniz. Ki\u015fisel Verilerin Korunmas\u0131 Kanunu\u2019nun 11. maddesinde ki\u015fisel verileri i\u015flenen ki\u015filerin a\u015fa\u011f\u0131da belirtilen haklara sahip oldu\u011fu belirtilmi\u015ftir:<\/p>\n\n\n\n<ul>\n<li>Ki\u015fisel verilerinin i\u015flenip i\u015flenmedi\u011fini \u00f6\u011frenme,<\/li>\n\n\n\n<li>\u0637\u0644\u0628 \u0627\u0644\u0645\u0639\u0644\u0648\u0645\u0627\u062a \u0625\u0630\u0627 \u062a\u0645\u062a \u0645\u0639\u0627\u0644\u062c\u0629 \u0627\u0644\u0628\u064a\u0627\u0646\u0627\u062a \u0627\u0644\u0634\u062e\u0635\u064a\u0629\u060c<\/li>\n\n\n\n<li>\u0645\u0639\u0631\u0641\u0629 \u0627\u0644\u063a\u0631\u0636 \u0645\u0646 \u0645\u0639\u0627\u0644\u062c\u0629 \u0627\u0644\u0628\u064a\u0627\u0646\u0627\u062a \u0627\u0644\u0634\u062e\u0635\u064a\u0629 \u0648\u0645\u0627 \u0625\u0630\u0627 \u0643\u0627\u0646\u062a \u062a\u0633\u062a\u062e\u062f\u0645 \u0644\u0644\u063a\u0631\u0636 \u0627\u0644\u0645\u0642\u0635\u0648\u062f \u0645\u0646\u0647\u0627\u060c<\/li>\n\n\n\n<li>\u0645\u0639\u0631\u0641\u0629 \u0627\u0644\u0623\u0637\u0631\u0627\u0641 \u0627\u0644\u062b\u0627\u0644\u062b\u0629 \u0627\u0644\u062a\u064a \u064a\u062a\u0645 \u0646\u0642\u0644 \u0627\u0644\u0628\u064a\u0627\u0646\u0627\u062a \u0627\u0644\u0634\u062e\u0635\u064a\u0629 \u0625\u0644\u064a\u0647\u0627 \u0641\u064a \u0627\u0644\u062f\u0627\u062e\u0644 \u0623\u0648 \u0627\u0644\u062e\u0627\u0631\u062c\u060c<\/li>\n\n\n\n<li>Ki\u015fisel verilerin eksik veya yanl\u0131\u015f i\u015flenmi\u015f olmas\u0131 h\u00e2linde bunlar\u0131n d\u00fczeltilmesini isteme,<\/li>\n\n\n\n<li>Ki\u015fisel verilerin silinmesini veya yok edilmesini isteme,<\/li>\n\n\n\n<li>Ki\u015fisel verilerin d\u00fczeltilmesi, silinmesi veya yok edilmesi kapsam\u0131ndaki i\u015flemlerin ki\u015fisel verilerin aktar\u0131ld\u0131\u011f\u0131 \u00fc\u00e7\u00fcnc\u00fc ki\u015filere bildirilmesini isteme,<\/li>\n\n\n\n<li>\u0627\u0644\u0627\u0639\u062a\u0631\u0627\u0636 \u0639\u0644\u0649 \u0638\u0647\u0648\u0631 \u0646\u062a\u064a\u062c\u0629 \u063a\u064a\u0631 \u0645\u0648\u0627\u062a\u064a\u0629 \u0644\u0644\u0641\u0631\u062f \u0645\u0646 \u062e\u0644\u0627\u0644 \u062a\u062d\u0644\u064a\u0644 \u0627\u0644\u0628\u064a\u0627\u0646\u0627\u062a \u0627\u0644\u0645\u0639\u0627\u0644\u062c\u0629 \u062d\u0635\u0631\u0627\u064b \u0645\u0646 \u062e\u0644\u0627\u0644 \u0627\u0644\u0623\u0646\u0638\u0645\u0629 \u0627\u0644\u0622\u0644\u064a\u0629\u060c<\/li>\n\n\n\n<li>Ki\u015fisel verilerin kanuna ayk\u0131r\u0131 olarak i\u015flenmesi sebebiyle zarara u\u011framas\u0131 h\u00e2linde zarar\u0131n giderilmesini talep etme.<\/li>\n<\/ul>","protected":false},"excerpt":{"rendered":"<p>HT Partners Sigorta ve Reas\u00fcrans Brokerli\u011fi A.\u015e. olarak ki\u015fisel bilgilerinizin korunmas\u0131n\u0131 sa\u011flayaca\u011f\u0131m\u0131z\u0131 taahh\u00fct ediyoruz. 6698 say\u0131l\u0131 Ki\u015fisel Verilerin Korunmas\u0131 Kanunu kapsam\u0131ndaki y\u00fck\u00fcml\u00fcl\u00fcklerimiz ile \u015feffafl\u0131k ve hesap verebilirlik ilkelerinin gere\u011fi olarak size bu bilgilendirmeyi yap\u0131yoruz. Bu metin arac\u0131l\u0131\u011f\u0131yla ki\u015fisel bilgilerinizin nas\u0131l kullan\u0131ld\u0131\u011f\u0131na ve bu konudaki haklar\u0131n\u0131za ili\u015fkin detayl\u0131 bilgilere ula\u015fabilirsiniz. Ayr\u0131ca ki\u015fisel verilerin korunmas\u0131na ili\u015fkin fark\u0131ndal\u0131\u011f\u0131n [&hellip;]<\/p>","protected":false},"author":1,"featured_media":0,"parent":0,"menu_order":0,"comment_status":"closed","ping_status":"closed","template":"","meta":{"footnotes":""},"_links":{"self":[{"href":"https:\/\/www.htpartnersbroker.com\/ar\/wp-json\/wp\/v2\/pages\/178"}],"collection":[{"href":"https:\/\/www.htpartnersbroker.com\/ar\/wp-json\/wp\/v2\/pages"}],"about":[{"href":"https:\/\/www.htpartnersbroker.com\/ar\/wp-json\/wp\/v2\/types\/page"}],"author":[{"embeddable":true,"href":"https:\/\/www.htpartnersbroker.com\/ar\/wp-json\/wp\/v2\/users\/1"}],"replies":[{"embeddable":true,"href":"https:\/\/www.htpartnersbroker.com\/ar\/wp-json\/wp\/v2\/comments?post=178"}],"version-history":[{"count":3,"href":"https:\/\/www.htpartnersbroker.com\/ar\/wp-json\/wp\/v2\/pages\/178\/revisions"}],"predecessor-version":[{"id":247,"href":"https:\/\/www.htpartnersbroker.com\/ar\/wp-json\/wp\/v2\/pages\/178\/revisions\/247"}],"wp:attachment":[{"href":"https:\/\/www.htpartnersbroker.com\/ar\/wp-json\/wp\/v2\/media?parent=178"}],"curies":[{"name":"wp","href":"https:\/\/api.w.org\/{rel}","templated":true}]}}